{"id":4955,"date":"2024-08-20T22:09:55","date_gmt":"2024-08-20T20:09:55","guid":{"rendered":"https:\/\/basqueplanet.com\/?post_type=product&#038;p=4955"},"modified":"2024-08-23T22:58:12","modified_gmt":"2024-08-23T20:58:12","slug":"akribillator-reserva-y-te-contactamos-para-medidas-y-diseno","status":"publish","type":"product","link":"https:\/\/basqueplanet.com\/fr\/produit\/akribillator-book-et-nous-vous-contacterons-pour-les-mesures-et-la-conception\/","title":{"rendered":"Akribillator : R\u00e9servez et nous vous contacterons pour les mesures et la conception."},"content":{"rendered":"<p>Planche haute performance. Con\u00e7ue pour tirer le meilleur parti des vagues de plage ou des points breaks. Avec des bords tranchants et un rocker tr\u00e8s prononc\u00e9 pour des manoeuvres radicales.<br \/>\nTrifin avec courge de queue ou \u00e9pingle ronde.<\/p>\n<figure class=\"wp-block-table\">\n<table>\n<tbody>\n<tr>\n<td class=\"has-text-align-center\" rowspan=\"2\" data-align=\"center\"><img loading=\"lazy\" decoding=\"async\" class=\"wp-image-215\" tabindex=\"0\" role=\"button\" src=\"https:\/\/amnesiasurfboards.wordpress.com\/wp-content\/uploads\/2024\/03\/akribillator.jpg\" sizes=\"auto, (max-width: 998px) 100vw, 998px\" srcset=\"https:\/\/amnesiasurfboards.wordpress.com\/wp-content\/uploads\/2024\/03\/akribillator.jpg 998w, https:\/\/amnesiasurfboards.wordpress.com\/wp-content\/uploads\/2024\/03\/akribillator.jpg?w=107&amp;h=150 107w, https:\/\/amnesiasurfboards.wordpress.com\/wp-content\/uploads\/2024\/03\/akribillator.jpg?w=214&amp;h=300 214w, https:\/\/amnesiasurfboards.wordpress.com\/wp-content\/uploads\/2024\/03\/akribillator.jpg?w=768&amp;h=1077 768w\" alt=\"\" width=\"998\" height=\"1399\" data-attachment-id=\"215\" data-permalink=\"https:\/\/amnesiasurfboards.wordpress.com\/catalogo\/akribillator-2\/\" data-orig-file=\"https:\/\/amnesiasurfboards.wordpress.com\/wp-content\/uploads\/2024\/03\/akribillator.jpg\" data-orig-size=\"998,1399\" data-comments-opened=\"1\" data-image-meta=\"{&quot;aperture&quot;:&quot;0&quot;,&quot;credit&quot;:&quot;&quot;,&quot;camera&quot;:&quot;&quot;,&quot;caption&quot;:&quot;&quot;,&quot;created_timestamp&quot;:&quot;0&quot;,&quot;copyright&quot;:&quot;&quot;,&quot;focal_length&quot;:&quot;0&quot;,&quot;iso&quot;:&quot;0&quot;,&quot;shutter_speed&quot;:&quot;0&quot;,&quot;title&quot;:&quot;&quot;,&quot;orientation&quot;:&quot;0&quot;}\" data-image-title=\"Akribillator\" data-image-description=\"\" data-image-caption=\"\" data-medium-file=\"https:\/\/amnesiasurfboards.wordpress.com\/wp-content\/uploads\/2024\/03\/akribillator.jpg?w=214\" data-large-file=\"https:\/\/amnesiasurfboards.wordpress.com\/wp-content\/uploads\/2024\/03\/akribillator.jpg?w=730\" \/><\/td>\n<td class=\"has-text-align-center\" data-align=\"center\">LES MESURES RECOMMAND\u00c9ES PAR LE FA\u00c7ONNEUR*.<\/td>\n<\/tr>\n<tr>\n<td class=\"has-text-align-center\" data-align=\"center\">5\u2032 8 x 18 1\/2 x 2 3\/16 - 26L<br \/>\n5\u2032 10 x 18 5\/8 x 2 5\/16 -27,5L<br \/>\n6\u2032 0 x 19 1\/8 x 2 7\/16 - 29L<br \/>\n6\u2032 2 x 19 1\/2 x 2 9\/16 - 31,5L<br \/>\n6\u2032 4 x 20 1\/8 x 2 3\/4 - 33L<br \/>\n6\u2032 6 x 20 1\/2 x 2 7\/8 - 35L<\/td>\n<\/tr>\n<\/tbody>\n<\/table><figcaption class=\"wp-element-caption\">* Demande d'informations pour les tailles personnalis\u00e9es.<\/figcaption><\/figure>","protected":false},"excerpt":{"rendered":"<p>Planche haute performance. Con\u00e7ue pour tirer le meilleur parti des vagues de plage ou des points breaks. Avec des bords tranchants et un rocker tr\u00e8s prononc\u00e9 pour des manoeuvres radicales. Trifin avec tail squash ou round pin. MESURES RECOMMAND\u00c9ES PAR LE SHAPER* 5\u2032 8 x 18 1\/2 x 2 3\/16 - 26L 5\u2032 10 [...]<\/p>","protected":false},"featured_media":5012,"comment_status":"open","ping_status":"closed","template":"","meta":{"_seopress_robots_primary_cat":"none","_seopress_titles_title":"","_seopress_titles_desc":"","_seopress_robots_index":""},"product_brand":[],"product_cat":[41,38],"product_tag":[],"class_list":{"0":"post-4955","1":"product","2":"type-product","3":"status-publish","4":"has-post-thumbnail","6":"product_cat-amnesia-surfboards","7":"product_cat-surboards","9":"first","10":"instock","11":"taxable","12":"shipping-taxable","13":"purchasable","14":"product-type-simple"},"_links":{"self":[{"href":"https:\/\/basqueplanet.com\/fr\/wp-json\/wp\/v2\/product\/4955","targetHints":{"allow":["GET"]}}],"collection":[{"href":"https:\/\/basqueplanet.com\/fr\/wp-json\/wp\/v2\/product"}],"about":[{"href":"https:\/\/basqueplanet.com\/fr\/wp-json\/wp\/v2\/types\/product"}],"replies":[{"embeddable":true,"href":"https:\/\/basqueplanet.com\/fr\/wp-json\/wp\/v2\/comments?post=4955"}],"wp:featuredmedia":[{"embeddable":true,"href":"https:\/\/basqueplanet.com\/fr\/wp-json\/wp\/v2\/media\/5012"}],"wp:attachment":[{"href":"https:\/\/basqueplanet.com\/fr\/wp-json\/wp\/v2\/media?parent=4955"}],"wp:term":[{"taxonomy":"product_brand","embeddable":true,"href":"https:\/\/basqueplanet.com\/fr\/wp-json\/wp\/v2\/product_brand?post=4955"},{"taxonomy":"product_cat","embeddable":true,"href":"https:\/\/basqueplanet.com\/fr\/wp-json\/wp\/v2\/product_cat?post=4955"},{"taxonomy":"product_tag","embeddable":true,"href":"https:\/\/basqueplanet.com\/fr\/wp-json\/wp\/v2\/product_tag?post=4955"}],"curies":[{"name":"wp","href":"https:\/\/api.w.org\/{rel}","templated":true}]}}