{"id":4867,"date":"2024-08-19T09:48:22","date_gmt":"2024-08-19T07:48:22","guid":{"rendered":"https:\/\/basqueplanet.com\/?post_type=product&#038;p=4867"},"modified":"2024-08-23T23:03:57","modified_gmt":"2024-08-23T21:03:57","slug":"tabla-up-eternal-80-2","status":"publish","type":"product","link":"https:\/\/basqueplanet.com\/fr\/produit\/table-jusqua-leternel-80-2\/","title":{"rendered":"Tabla UP Eternal 8&#8217;0"},"content":{"rendered":"<ol>\n<li>P- LONGUEUR : 8'0<br \/>\n- LARGEUR : 22 3\/4\u2033.<br \/>\n- \u00c9PAISSEUR : 2 15\/16\u2033.<br \/>\n- VOLUME : 66 Litres<\/li>\n<\/ol>\n<p>Cette construction de planche innovante commence par un blank avec une pr\u00e9forme mesur\u00e9e avec pr\u00e9cision sur un EPS.<br \/>\nLa densit\u00e9 de l'EPS est la cl\u00e9 pour obtenir la forme id\u00e9ale, le bon poids et la structure parfaite.<br \/>\nL'\u00e9bauche est recouverte manuellement de tissu de fibre de verre biaxial, \u00e0 l'aide d'une quantit\u00e9 d'\u00e9poxy mesur\u00e9e et m\u00e9lang\u00e9e par ordinateur. Pour le durcissement de la r\u00e9sine, un second moule press\u00e9, d\u00e9coup\u00e9 avec pr\u00e9cision par CNC, est utilis\u00e9 et chauff\u00e9 pour assurer une distribution optimale de la r\u00e9sine.<\/p>","protected":false},"excerpt":{"rendered":"<p>P- LONGUEUR : 8'0 - LARGEUR : 22 3\/4\u2033 - \u00c9PAISSEUR : 2 15\/16\u2033 - VOLUME : 66 Litres Cette fabrication innovante de planches commence par une \u00e9bauche pr\u00e9form\u00e9e mesur\u00e9e avec pr\u00e9cision sur un EPS. La densit\u00e9 de l'EPS est la cl\u00e9 pour obtenir la forme id\u00e9ale, le poids ad\u00e9quat et la structure parfaite. L'\u00e9bauche est ensuite enduite de [...]<\/p>","protected":false},"featured_media":5017,"comment_status":"open","ping_status":"closed","template":"","meta":{"_seopress_robots_primary_cat":"none","_seopress_titles_title":"","_seopress_titles_desc":"","_seopress_robots_index":""},"product_brand":[],"product_cat":[38,40],"product_tag":[],"class_list":{"0":"post-4867","1":"product","2":"type-product","3":"status-publish","4":"has-post-thumbnail","6":"product_cat-surboards","7":"product_cat-up-surfboards","9":"first","10":"instock","11":"taxable","12":"shipping-taxable","13":"purchasable","14":"product-type-simple"},"_links":{"self":[{"href":"https:\/\/basqueplanet.com\/fr\/wp-json\/wp\/v2\/product\/4867","targetHints":{"allow":["GET"]}}],"collection":[{"href":"https:\/\/basqueplanet.com\/fr\/wp-json\/wp\/v2\/product"}],"about":[{"href":"https:\/\/basqueplanet.com\/fr\/wp-json\/wp\/v2\/types\/product"}],"replies":[{"embeddable":true,"href":"https:\/\/basqueplanet.com\/fr\/wp-json\/wp\/v2\/comments?post=4867"}],"wp:featuredmedia":[{"embeddable":true,"href":"https:\/\/basqueplanet.com\/fr\/wp-json\/wp\/v2\/media\/5017"}],"wp:attachment":[{"href":"https:\/\/basqueplanet.com\/fr\/wp-json\/wp\/v2\/media?parent=4867"}],"wp:term":[{"taxonomy":"product_brand","embeddable":true,"href":"https:\/\/basqueplanet.com\/fr\/wp-json\/wp\/v2\/product_brand?post=4867"},{"taxonomy":"product_cat","embeddable":true,"href":"https:\/\/basqueplanet.com\/fr\/wp-json\/wp\/v2\/product_cat?post=4867"},{"taxonomy":"product_tag","embeddable":true,"href":"https:\/\/basqueplanet.com\/fr\/wp-json\/wp\/v2\/product_tag?post=4867"}],"curies":[{"name":"wp","href":"https:\/\/api.w.org\/{rel}","templated":true}]}}