{"id":15706,"date":"2025-04-12T02:52:58","date_gmt":"2025-04-12T00:52:58","guid":{"rendered":"https:\/\/basqueplanet.com\/?post_type=product&#038;p=15706"},"modified":"2025-04-12T04:29:06","modified_gmt":"2025-04-12T02:29:06","slug":"xirimiri-oversize-premium-t-shirt","status":"publish","type":"product","link":"https:\/\/basqueplanet.com\/fr\/produit\/xirimiri-oversize-premium-t-shirt\/","title":{"rendered":"Xirimiri Oversize Premium T Shirt"},"content":{"rendered":"<p>S\u00ed, presumimos. Y con raz\u00f3n.<\/p>\n<p>Hemos llevado la calidad al l\u00edmite y el detalle al extremo para crear el camiset\u00f3n definitivo. Con un sello frontal en cuero aut\u00e9ntico, un impresionante gramaje de 210 g\/m\u00b2 y un dise\u00f1o brutalista que no pasa desapercibido, esta camiseta no es solo una prenda: es una declaraci\u00f3n.<\/p>\n<p>Resistente como una armadura, c\u00f3moda como tu segunda piel, est\u00e1 pensada para acompa\u00f1arte en mil batallas y seguir como el primer d\u00eda. Te la pones\u2026 y no te la quitas m\u00e1s. A prueba de bombas.<\/p>","protected":false},"excerpt":{"rendered":"<p>S\u00ed, presumimos. Y con raz\u00f3n. Hemos llevado la calidad al l\u00edmite y el detalle al extremo para crear el camiset\u00f3n definitivo. Con un sello frontal en cuero aut\u00e9ntico, un impresionante gramaje de 210 g\/m\u00b2 y un dise\u00f1o brutalista que no pasa desapercibido, esta camiseta no es solo una prenda: es una declaraci\u00f3n. Resistente como una [&hellip;]<\/p>","protected":false},"featured_media":15709,"comment_status":"open","ping_status":"closed","template":"","meta":{"_seopress_robots_primary_cat":"none","_seopress_titles_title":"","_seopress_titles_desc":"","_seopress_robots_index":""},"product_brand":[],"product_cat":[26],"product_tag":[],"class_list":{"0":"post-15706","1":"product","2":"type-product","3":"status-publish","4":"has-post-thumbnail","6":"product_cat-camisetas","7":"pa_talla-l","8":"pa_talla-m","9":"pa_talla-s","10":"pa_talla-xl","11":"pa_talla-xs","12":"pa_talla-xxl","14":"first","15":"instock","16":"taxable","17":"shipping-taxable","18":"purchasable","19":"product-type-variable"},"_links":{"self":[{"href":"https:\/\/basqueplanet.com\/fr\/wp-json\/wp\/v2\/product\/15706","targetHints":{"allow":["GET"]}}],"collection":[{"href":"https:\/\/basqueplanet.com\/fr\/wp-json\/wp\/v2\/product"}],"about":[{"href":"https:\/\/basqueplanet.com\/fr\/wp-json\/wp\/v2\/types\/product"}],"replies":[{"embeddable":true,"href":"https:\/\/basqueplanet.com\/fr\/wp-json\/wp\/v2\/comments?post=15706"}],"wp:featuredmedia":[{"embeddable":true,"href":"https:\/\/basqueplanet.com\/fr\/wp-json\/wp\/v2\/media\/15709"}],"wp:attachment":[{"href":"https:\/\/basqueplanet.com\/fr\/wp-json\/wp\/v2\/media?parent=15706"}],"wp:term":[{"taxonomy":"product_brand","embeddable":true,"href":"https:\/\/basqueplanet.com\/fr\/wp-json\/wp\/v2\/product_brand?post=15706"},{"taxonomy":"product_cat","embeddable":true,"href":"https:\/\/basqueplanet.com\/fr\/wp-json\/wp\/v2\/product_cat?post=15706"},{"taxonomy":"product_tag","embeddable":true,"href":"https:\/\/basqueplanet.com\/fr\/wp-json\/wp\/v2\/product_tag?post=15706"}],"curies":[{"name":"wp","href":"https:\/\/api.w.org\/{rel}","templated":true}]}}