{"id":1422,"date":"2023-11-16T16:35:42","date_gmt":"2023-11-16T14:35:42","guid":{"rendered":"https:\/\/basqueplanet.com\/?post_type=product&#038;p=1422"},"modified":"2024-09-20T04:53:57","modified_gmt":"2024-09-20T02:53:57","slug":"sudadera-karraspio","status":"publish","type":"product","link":"https:\/\/basqueplanet.com\/fr\/produit\/sweat-karraspio\/","title":{"rendered":"Sweatshirt Karraspio"},"content":{"rendered":"<p>Sweatshirt 100% en coton peign\u00e9 avec logo brod\u00e9 sur le devant et s\u00e9rigraphie au dos.<\/p>","protected":false},"excerpt":{"rendered":"<p>Sweatshirt 100% en coton peign\u00e9 avec logo brod\u00e9 sur le devant et s\u00e9rigraphie au dos.<\/p>","protected":false},"featured_media":4442,"comment_status":"open","ping_status":"closed","template":"","meta":{"_seopress_robots_primary_cat":"none","_seopress_titles_title":"","_seopress_titles_desc":"","_seopress_robots_index":""},"product_brand":[],"product_cat":[25],"product_tag":[],"class_list":{"0":"post-1422","1":"product","2":"type-product","3":"status-publish","4":"has-post-thumbnail","6":"product_cat-sudaderas","7":"product_shipping_class-envio","8":"pa_talla-l","9":"pa_talla-m","10":"pa_talla-s","11":"pa_talla-xl","12":"pa_talla-xxl","14":"first","15":"instock","16":"taxable","17":"shipping-taxable","18":"purchasable","19":"product-type-variable"},"_links":{"self":[{"href":"https:\/\/basqueplanet.com\/fr\/wp-json\/wp\/v2\/product\/1422","targetHints":{"allow":["GET"]}}],"collection":[{"href":"https:\/\/basqueplanet.com\/fr\/wp-json\/wp\/v2\/product"}],"about":[{"href":"https:\/\/basqueplanet.com\/fr\/wp-json\/wp\/v2\/types\/product"}],"replies":[{"embeddable":true,"href":"https:\/\/basqueplanet.com\/fr\/wp-json\/wp\/v2\/comments?post=1422"}],"wp:featuredmedia":[{"embeddable":true,"href":"https:\/\/basqueplanet.com\/fr\/wp-json\/wp\/v2\/media\/4442"}],"wp:attachment":[{"href":"https:\/\/basqueplanet.com\/fr\/wp-json\/wp\/v2\/media?parent=1422"}],"wp:term":[{"taxonomy":"product_brand","embeddable":true,"href":"https:\/\/basqueplanet.com\/fr\/wp-json\/wp\/v2\/product_brand?post=1422"},{"taxonomy":"product_cat","embeddable":true,"href":"https:\/\/basqueplanet.com\/fr\/wp-json\/wp\/v2\/product_cat?post=1422"},{"taxonomy":"product_tag","embeddable":true,"href":"https:\/\/basqueplanet.com\/fr\/wp-json\/wp\/v2\/product_tag?post=1422"}],"curies":[{"name":"wp","href":"https:\/\/api.w.org\/{rel}","templated":true}]}}