{"id":3,"date":"2023-05-18T15:58:25","date_gmt":"2023-05-18T13:58:25","guid":{"rendered":"https:\/\/basqueplanet.com\/?page_id=3"},"modified":"2023-10-05T14:04:48","modified_gmt":"2023-10-05T12:04:48","slug":"politica-privacidad","status":"publish","type":"page","link":"https:\/\/basqueplanet.com\/fr\/politique-de-confidentialite\/","title":{"rendered":"Politique de confidentialit\u00e9"},"content":{"rendered":"<h2 class=\"wp-block-heading\">1. introduction<\/h2>\n\n\n\n<p>Gonzalo Astorki (en adelante, la &#8220;Empresa&#8221;) respeta tu privacidad y se compromete a proteger tus datos personales. Esta Pol\u00edtica de Privacidad te informar\u00e1 sobre c\u00f3mo gestionamos tus datos personales cuando visitas nuestro sitio web (independientemente de d\u00f3nde lo visites) y nos informar\u00e1 sobre tus derechos de privacidad y c\u00f3mo la ley te protege.<\/p>\n\n\n\n<h2 class=\"wp-block-heading\">2. les informations que nous recueillons<\/h2>\n\n\n\n<p>L'entreprise peut collecter, utiliser, stocker et transf\u00e9rer diff\u00e9rents types de donn\u00e9es personnelles vous concernant, que nous avons regroup\u00e9es comme suit :<\/p>\n\n\n\n<ul class=\"wp-block-list\">\n<li>Informations relatives \u00e0 l'identit\u00e9, y compris le pr\u00e9nom, le nom de famille, le nom d'utilisateur ou tout autre identifiant similaire.<\/li>\n\n\n\n<li>Les informations de contact, y compris l'adresse \u00e9lectronique et les num\u00e9ros de t\u00e9l\u00e9phone.<\/li>\n\n\n\n<li>Des informations techniques, notamment l'adresse IP, vos donn\u00e9es de connexion, le type et la version du navigateur, le fuseau horaire et les param\u00e8tres de localisation, les types et versions des plug-ins du navigateur, le syst\u00e8me d'exploitation et la plateforme, ainsi que d'autres technologies sur les appareils que vous utilisez pour acc\u00e9der \u00e0 ce site web.<\/li>\n\n\n\n<li>Les informations d'utilisation, qui comprennent des informations sur la mani\u00e8re dont vous utilisez notre site web, nos produits et nos services.<\/li>\n<\/ul>\n\n\n\n<h2 class=\"wp-block-heading\">3. Comment nous utilisons vos informations<\/h2>\n\n\n\n<p>Nous utilisons les informations que nous recueillons pour un certain nombre de raisons, notamment :<\/p>\n\n\n\n<ul class=\"wp-block-list\">\n<li>Pour vous fournir les produits et services que vous avez demand\u00e9s.<\/li>\n\n\n\n<li>Am\u00e9liorer nos produits et services.<\/li>\n\n\n\n<li>vous envoyer des communications marketing.<\/li>\n<\/ul>\n\n\n\n<h2 class=\"wp-block-heading\">4. Vos droits<\/h2>\n\n\n\n<p>Vous disposez de plusieurs droits en ce qui concerne vos donn\u00e9es personnelles. Il s'agit notamment du droit de demander l'acc\u00e8s \u00e0 vos donn\u00e9es, la rectification de vos donn\u00e9es, la suppression de vos donn\u00e9es et la restriction ou l'opposition au traitement de vos donn\u00e9es.<\/p>\n\n\n\n<h2 class=\"wp-block-heading\">5. Liens vers des sites de tiers<\/h2>\n\n\n\n<p>Ce site web peut inclure des liens vers des sites web, des plug-ins et des applications de tiers. Le fait de cliquer sur ces liens ou d'activer ces connexions peut permettre \u00e0 des tiers de collecter ou de partager des donn\u00e9es vous concernant. Nous ne contr\u00f4lons pas ces sites web tiers et ne sommes pas responsables de leurs d\u00e9clarations de confidentialit\u00e9.<\/p>\n\n\n\n<h2 class=\"wp-block-heading\">6. Modifications de la politique de protection de la vie priv\u00e9e<\/h2>\n\n\n\n<p>La soci\u00e9t\u00e9 se r\u00e9serve le droit de mettre \u00e0 jour et de modifier la pr\u00e9sente politique de confidentialit\u00e9 de temps \u00e0 autre. Les modifications entreront en vigueur d\u00e8s leur publication sur le site web.<\/p>\n\n\n\n<h2 class=\"wp-block-heading\">7. Comment nous contacter<\/h2>\n\n\n\n<p>Si vous avez des questions ou des pr\u00e9occupations concernant la pr\u00e9sente politique de confidentialit\u00e9, ou si vous souhaitez exercer l'un de vos droits l\u00e9gaux en relation avec vos donn\u00e9es personnelles, veuillez nous contacter \u00e0 l'adresse suivante <a href=\"mailto:planetbasque@gmail.com\">planetbasque@gmail.com<\/a>\u00a0et t\u00e9l\u00e9phone 628 72 26 91.<\/p>","protected":false},"excerpt":{"rendered":"<p>1. Introducci\u00f3n Gonzalo Astorki (en adelante, la &#8220;Empresa&#8221;) respeta tu privacidad y se compromete a proteger tus datos personales. Esta Pol\u00edtica de Privacidad te informar\u00e1 sobre c\u00f3mo gestionamos tus datos personales cuando visitas nuestro sitio web (independientemente de d\u00f3nde lo visites) y nos informar\u00e1 sobre tus derechos de privacidad y c\u00f3mo la ley te protege. [&hellip;]<\/p>","protected":false},"author":1,"featured_media":0,"parent":0,"menu_order":0,"comment_status":"closed","ping_status":"closed","template":"","meta":{"_seopress_robots_primary_cat":"","_seopress_titles_title":"","_seopress_titles_desc":"","_seopress_robots_index":"","footnotes":""},"class_list":["post-3","page","type-page","status-publish","hentry"],"_links":{"self":[{"href":"https:\/\/basqueplanet.com\/fr\/wp-json\/wp\/v2\/pages\/3","targetHints":{"allow":["GET"]}}],"collection":[{"href":"https:\/\/basqueplanet.com\/fr\/wp-json\/wp\/v2\/pages"}],"about":[{"href":"https:\/\/basqueplanet.com\/fr\/wp-json\/wp\/v2\/types\/page"}],"author":[{"embeddable":true,"href":"https:\/\/basqueplanet.com\/fr\/wp-json\/wp\/v2\/users\/1"}],"replies":[{"embeddable":true,"href":"https:\/\/basqueplanet.com\/fr\/wp-json\/wp\/v2\/comments?post=3"}],"version-history":[{"count":0,"href":"https:\/\/basqueplanet.com\/fr\/wp-json\/wp\/v2\/pages\/3\/revisions"}],"wp:attachment":[{"href":"https:\/\/basqueplanet.com\/fr\/wp-json\/wp\/v2\/media?parent=3"}],"curies":[{"name":"wp","href":"https:\/\/api.w.org\/{rel}","templated":true}]}}