{"id":18,"date":"2023-05-18T18:08:52","date_gmt":"2023-05-18T16:08:52","guid":{"rendered":"https:\/\/basqueplanet.com\/?page_id=18"},"modified":"2023-10-05T14:04:02","modified_gmt":"2023-10-05T12:04:02","slug":"aviso-legal","status":"publish","type":"page","link":"https:\/\/basqueplanet.com\/fr\/avis-juridique\/","title":{"rendered":"Avis juridique"},"content":{"rendered":"<h3 class=\"wp-block-heading\"><strong>Informations sur le titulaire<\/strong><\/h3>\n\n\n\n<p>Basqueplanet appartient \u00e0 Gonzalo Astorqui avec le DNI 16085393K et peut \u00eatre contact\u00e9 par l'interm\u00e9diaire de&nbsp;<a href=\"mailto:planetbasque@gmail.com\">planetbasque@gmail.com<\/a>&nbsp;et t\u00e9l\u00e9phone 628 72 26 91.<\/p>\n\n\n\n<h3 class=\"wp-block-heading\"><strong>Conditions d'utilisation<\/strong><\/h3>\n\n\n\n<p>Gonzalo Astorqui, responsable du site web, met \u00e0 la disposition des utilisateurs le pr\u00e9sent document dans le but de respecter les obligations pr\u00e9vues par la loi 34\/2002 relative aux services de la soci\u00e9t\u00e9 de l'information et au commerce \u00e9lectronique (LSSI-CE), ainsi que pour informer tous les utilisateurs du site web des conditions d'utilisation de ce dernier.<\/p>\n\n\n\n<p>Toute personne acc\u00e9dant \u00e0 ce site web assume le r\u00f4le d'utilisateur, s'engageant \u00e0 observer et \u00e0 respecter strictement les dispositions du pr\u00e9sent document, ainsi que toute autre disposition l\u00e9gale applicable.<\/p>\n\n\n\n<p>L'utilisateur s'engage \u00e0 faire un usage appropri\u00e9 des contenus et services propos\u00e9s sur le site, et \u00e0 titre informatif mais non limitatif, \u00e0 ne pas les utiliser pour : (i) se livrer \u00e0 des activit\u00e9s illicites, ill\u00e9gales ou contraires \u00e0 l'ordre public, (ii) diffuser des contenus \u00e0 caract\u00e8re raciste, x\u00e9nophobe, pornographique, terroriste ou relatifs aux droits de l'homme, (iii) causer des dommages physiques ou logiques au site web, \u00e0 ses fournisseurs ou \u00e0 des tiers, (iv) tenter d'acc\u00e9der et, le cas \u00e9ch\u00e9ant, de manipuler des comptes de courrier \u00e9lectronique ou des zones d'administration sans autorisation expresse.<\/p>\n\n\n\n<p>La reproduction, la distribution et la communication publique, en tout ou en partie, du contenu de ce site web sont express\u00e9ment interdites sans l'autorisation expresse du propri\u00e9taire.<\/p>\n\n\n\n<p>Le propri\u00e9taire se r\u00e9serve le droit de modifier tout type d'information pouvant figurer sur le site web, sans obligation de pr\u00e9avis ni d'information des utilisateurs, la publication sur le site web du propri\u00e9taire \u00e9tant consid\u00e9r\u00e9e comme suffisante.<\/p>\n\n\n\n<p>Les conditions d'utilisation du site, ainsi que le contenu de l'avis juridique, sont r\u00e9gis par la loi espagnole. L'utilisateur se soumet \u00e0 la r\u00e9solution de tout litige devant les cours et tribunaux d'Espagne.<\/p>\n\n\n\n<h3 class=\"wp-block-heading\"><strong>Protection des donn\u00e9es<\/strong><\/h3>\n\n\n\n<p>Basque Planet respecte les directives de la Loi Organique 15\/1999, du 13 d\u00e9cembre, sur la Protection des Donn\u00e9es \u00e0 Caract\u00e8re Personnel. Le fait de remplir et d'envoyer les formulaires inclus dans le site Web implique le consentement expr\u00e8s du propri\u00e9taire pour l'envoi par courrier \u00e9lectronique ou tout autre moyen fourni par le biais des formulaires.<\/p>\n\n\n\n<p>Les donn\u00e9es personnelles collect\u00e9es par le biais du site Web seront incluses dans un fichier inscrit au registre g\u00e9n\u00e9ral de l'Agence espagnole de protection des donn\u00e9es, Plan\u00e8te basque \u00e9tant responsable du traitement.<\/p>\n\n\n\n<p>Les utilisateurs peuvent exercer leurs droits d'acc\u00e8s, de rectification et d'annulation en envoyant un courrier \u00e9lectronique \u00e0 l'adresse suivante&nbsp;<a href=\"mailto:planetbasque@gmail.com\">planetbasque@gmail.com<\/a>.<\/p>\n\n\n\n<h3 class=\"wp-block-heading\"><strong>Limites de responsabilit\u00e9<\/strong><\/h3>\n\n\n\n<p>Le propri\u00e9taire n'est pas responsable du contenu des sites correspondant aux liens externes inclus dans le site.<\/p>\n\n\n\n<p>Le propri\u00e9taire d\u00e9cline toute responsabilit\u00e9 en cas de d\u00e9faillance \u00e9ventuelle du serveur, de virus ou de tout autre type de dysfonctionnement du site pour des raisons ind\u00e9pendantes de sa volont\u00e9.<\/p>\n\n\n\n<p>Le propri\u00e9taire d\u00e9cline toute responsabilit\u00e9 quant \u00e0 l'utilisation frauduleuse que des tiers pourraient faire des contenus ou des \u00e9l\u00e9ments technologiques fournis sur le site.<\/p>\n\n\n\n<h3 class=\"wp-block-heading\"><strong>Propri\u00e9t\u00e9 intellectuelle et industrielle<\/strong><\/h3>\n\n\n\n<p>L'int\u00e9gralit\u00e9 de ce site web : textes, images, marques, logos, fichiers audio et vid\u00e9o, boutons, fichiers logiciels, combinaisons de couleurs, ainsi que la structure, la s\u00e9lection, l'ordre et la pr\u00e9sentation de son contenu, est prot\u00e9g\u00e9e par les lois sur la propri\u00e9t\u00e9 intellectuelle et industrielle, et sa reproduction, sa distribution, sa communication publique et sa transformation sont interdites, \u00e0 l'exception d'un usage personnel et priv\u00e9.<\/p>\n\n\n\n<h3 class=\"wp-block-heading\">Politique de protection des donn\u00e9es et de la vie priv\u00e9e.<\/h3>\n\n\n\n<p>Conform\u00e9ment aux dispositions de la l\u00e9gislation en vigueur sur la protection des donn\u00e9es personnelles, \"Basque Planet\" informe l'utilisateur de l'existence d'un fichier de donn\u00e9es personnelles contenant les donn\u00e9es que les utilisateurs saisissent sur le site. Le responsable du fichier est \"Basque Planet\".<\/p>\n\n\n\n<p>L'utilisateur et propri\u00e9taire des donn\u00e9es est inform\u00e9 et donne son consentement sans \u00e9quivoque qu'en remplissant les diff\u00e9rents formulaires, ses donn\u00e9es personnelles seront incorpor\u00e9es dans les fichiers automatis\u00e9s de \"Basque Planet\", afin de pouvoir fournir et offrir nos services et tenir l'utilisateur inform\u00e9 des produits offerts.<\/p>\n\n\n\n<p>\"Basque Planet\" s'engage \u00e0 respecter son obligation de secret \u00e0 l'\u00e9gard des donn\u00e9es personnelles et le devoir de les traiter avec confidentialit\u00e9. \u00c0 cette fin, elle adoptera les mesures de s\u00e9curit\u00e9 raisonnables pr\u00e9vues par la loi pour \u00e9viter leur alt\u00e9ration, leur perte ou leur acc\u00e8s non autoris\u00e9.<\/p>\n\n\n\n<p>Les utilisateurs peuvent exercer leurs droits d'acc\u00e8s, de rectification, d'annulation et d'opposition de leurs donn\u00e9es personnelles dans les termes \u00e9tablis par la l\u00e9gislation en vigueur, par l'interm\u00e9diaire de \".<a href=\"mailto:planetbasque@gmail.com\">planetbasque@gmail.com<\/a>\".<\/p>\n\n\n\n<h3 class=\"wp-block-heading\">Politique d'utilisation des cookies.<\/h3>\n\n\n\n<p>Les \"cookies\" sont des fichiers texte que les serveurs qui h\u00e9bergent des sites web envoient aux navigateurs de leurs utilisateurs. Les cookies ne peuvent pas \u00eatre ex\u00e9cut\u00e9s, ne peuvent pas contenir de virus et ne peuvent \u00eatre lus que par le serveur qui h\u00e9berge le site web.<\/p>\n\n\n\n<p>Ce site n\u00e9cessite l'utilisation de \"cookies\" pour son bon fonctionnement.<\/p>\n\n\n\n<h3 class=\"wp-block-heading\"><strong>D\u00e9lai de prestation des services<\/strong><\/h3>\n\n\n\n<p>Les d\u00e9lais de livraison varient en fonction du type d'envoi :<\/p>\n\n\n\n<p>1 \u00e0 3 jours ouvrables pour les livraisons standard.&nbsp;<\/p>\n\n\n\n<p>Pour les livraisons \u00e0 l'\u00e9tranger, ce d\u00e9lai varie en fonction de l'entreprise de messagerie choisie et du pays.<\/p>\n\n\n\n<p><strong>Important<\/strong>Le d\u00e9lai de livraison pour les commandes pass\u00e9es apr\u00e8s 13h00 est calcul\u00e9 \u00e0 partir du jour ouvrable suivant.<\/p>\n\n\n\n<p>Si vous avez des questions ou si vous souhaitez obtenir de plus amples informations sur nos mentions l\u00e9gales, n'h\u00e9sitez pas \u00e0 nous contacter \u00e0 l'adresse suivante&nbsp;<a href=\"mailto:planetbasque@gmail.com\">planetbasque@gmail.com<\/a>&nbsp;ou appelez le 628 72 26 91<\/p>","protected":false},"excerpt":{"rendered":"<p>Informations sur le titulaire Basqueplanet appartient \u00e0 Gonzalo Astorqui avec le DNI 16085393K et peut \u00eatre contact\u00e9 par planetbasque@gmail.com et par t\u00e9l\u00e9phone 628 72 26 91. Conditions d'utilisation Gonzalo Astorqui, responsable du site web, met ce document \u00e0 la disposition des utilisateurs afin de respecter les obligations pr\u00e9vues par la loi [...].<\/p>","protected":false},"author":1,"featured_media":0,"parent":0,"menu_order":0,"comment_status":"closed","ping_status":"closed","template":"","meta":{"_seopress_robots_primary_cat":"","_seopress_titles_title":"","_seopress_titles_desc":"","_seopress_robots_index":"","footnotes":""},"class_list":["post-18","page","type-page","status-publish","hentry"],"_links":{"self":[{"href":"https:\/\/basqueplanet.com\/fr\/wp-json\/wp\/v2\/pages\/18","targetHints":{"allow":["GET"]}}],"collection":[{"href":"https:\/\/basqueplanet.com\/fr\/wp-json\/wp\/v2\/pages"}],"about":[{"href":"https:\/\/basqueplanet.com\/fr\/wp-json\/wp\/v2\/types\/page"}],"author":[{"embeddable":true,"href":"https:\/\/basqueplanet.com\/fr\/wp-json\/wp\/v2\/users\/1"}],"replies":[{"embeddable":true,"href":"https:\/\/basqueplanet.com\/fr\/wp-json\/wp\/v2\/comments?post=18"}],"version-history":[{"count":0,"href":"https:\/\/basqueplanet.com\/fr\/wp-json\/wp\/v2\/pages\/18\/revisions"}],"wp:attachment":[{"href":"https:\/\/basqueplanet.com\/fr\/wp-json\/wp\/v2\/media?parent=18"}],"curies":[{"name":"wp","href":"https:\/\/api.w.org\/{rel}","templated":true}]}}