{"id":8428,"date":"2025-02-04T07:04:37","date_gmt":"2025-02-04T05:04:37","guid":{"rendered":"https:\/\/basqueplanet.com\/?post_type=product&#038;p=8428"},"modified":"2025-02-04T07:04:37","modified_gmt":"2025-02-04T05:04:37","slug":"amnesia-x-mid-surfboard-70-435-l","status":"publish","type":"product","link":"https:\/\/basqueplanet.com\/eu\/produktua\/amnesia-x-mid-surfboard-70-435-l\/","title":{"rendered":"Amnesia X Mid Surfboard 7\u20190 43,5 L"},"content":{"rendered":"<p>La Amnesia X Mid es un Midlength puro y duro, con el caracter\u00edstico pin tail de estas tablas, su juego de quillas 2+1 y su volumen en la punta de la tabla, obtendr\u00e1s los beneficios de coger olas con facilidad, la diversi\u00f3n y maniobrabilidad de su cola y aus lineas que nos proporcionar\u00e1 giros con poco esfuerzo, y en definitiva, una tabla con la que podr\u00e1s divertirte desde olas por la cintura hasta olas por encima de tu cabeza. Con velocidad es cuando realmente la vas a gozar! C\u00f3morala ya y rec\u00edbela en tu casa en pocos d\u00edas!<\/p>","protected":false},"excerpt":{"rendered":"<p>La Amnesia X Mid es un Midlength puro y duro, con el caracter\u00edstico pin tail de estas tablas, su juego de quillas 2+1 y su volumen en la punta de la tabla, obtendr\u00e1s los beneficios de coger olas con facilidad, la diversi\u00f3n y maniobrabilidad de su cola y aus lineas que nos proporcionar\u00e1 giros con [&hellip;]<\/p>","protected":false},"featured_media":8430,"comment_status":"open","ping_status":"closed","template":"","meta":{"_seopress_robots_primary_cat":"","_seopress_titles_title":"","_seopress_titles_desc":"","_seopress_robots_index":""},"product_brand":[],"product_cat":[41,38],"product_tag":[],"class_list":{"0":"post-8428","1":"product","2":"type-product","3":"status-publish","4":"has-post-thumbnail","6":"product_cat-amnesia-surfboards","7":"product_cat-surboards","9":"first","10":"instock","11":"taxable","12":"shipping-taxable","13":"purchasable","14":"product-type-simple"},"_links":{"self":[{"href":"https:\/\/basqueplanet.com\/eu\/wp-json\/wp\/v2\/product\/8428","targetHints":{"allow":["GET"]}}],"collection":[{"href":"https:\/\/basqueplanet.com\/eu\/wp-json\/wp\/v2\/product"}],"about":[{"href":"https:\/\/basqueplanet.com\/eu\/wp-json\/wp\/v2\/types\/product"}],"replies":[{"embeddable":true,"href":"https:\/\/basqueplanet.com\/eu\/wp-json\/wp\/v2\/comments?post=8428"}],"wp:featuredmedia":[{"embeddable":true,"href":"https:\/\/basqueplanet.com\/eu\/wp-json\/wp\/v2\/media\/8430"}],"wp:attachment":[{"href":"https:\/\/basqueplanet.com\/eu\/wp-json\/wp\/v2\/media?parent=8428"}],"wp:term":[{"taxonomy":"product_brand","embeddable":true,"href":"https:\/\/basqueplanet.com\/eu\/wp-json\/wp\/v2\/product_brand?post=8428"},{"taxonomy":"product_cat","embeddable":true,"href":"https:\/\/basqueplanet.com\/eu\/wp-json\/wp\/v2\/product_cat?post=8428"},{"taxonomy":"product_tag","embeddable":true,"href":"https:\/\/basqueplanet.com\/eu\/wp-json\/wp\/v2\/product_tag?post=8428"}],"curies":[{"name":"wp","href":"https:\/\/api.w.org\/{rel}","templated":true}]}}