{"id":8404,"date":"2025-02-03T19:30:17","date_gmt":"2025-02-03T17:30:17","guid":{"rendered":"https:\/\/basqueplanet.com\/?post_type=product&#038;p=8404"},"modified":"2025-02-04T06:08:44","modified_gmt":"2025-02-04T04:08:44","slug":"parka-snow-ski-basque-planet","status":"publish","type":"product","link":"https:\/\/basqueplanet.com\/eu\/produktua\/parka-snow-ski-basque-planet\/","title":{"rendered":"Parka Snow\/ski Basque Planet"},"content":{"rendered":"<p>Parka de una \u00fanica talla recomendada para personas que tallen grande. Al ser una parka tra\u00edda desde Dinamarca, es una \u00fanica talla y talla grande.<\/p>\n<p>recomendada para esquiar o hacer snowboard<\/p>","protected":false},"excerpt":{"rendered":"<p>Parka de una \u00fanica talla recomendada para personas que tallen grande. Al ser una parka tra\u00edda desde Dinamarca, es una \u00fanica talla y talla grande. recomendada para esquiar o hacer snowboard<\/p>","protected":false},"featured_media":8408,"comment_status":"open","ping_status":"closed","template":"","meta":{"_seopress_robots_primary_cat":"69","_seopress_titles_title":"","_seopress_titles_desc":"","_seopress_robots_index":""},"product_brand":[],"product_cat":[17,69],"product_tag":[],"class_list":{"0":"post-8404","1":"product","2":"type-product","3":"status-publish","4":"has-post-thumbnail","6":"product_cat-sin-categorizar","7":"product_cat-chaquetas","9":"first","10":"instock","11":"taxable","12":"shipping-taxable","13":"purchasable","14":"product-type-simple"},"_links":{"self":[{"href":"https:\/\/basqueplanet.com\/eu\/wp-json\/wp\/v2\/product\/8404","targetHints":{"allow":["GET"]}}],"collection":[{"href":"https:\/\/basqueplanet.com\/eu\/wp-json\/wp\/v2\/product"}],"about":[{"href":"https:\/\/basqueplanet.com\/eu\/wp-json\/wp\/v2\/types\/product"}],"replies":[{"embeddable":true,"href":"https:\/\/basqueplanet.com\/eu\/wp-json\/wp\/v2\/comments?post=8404"}],"wp:featuredmedia":[{"embeddable":true,"href":"https:\/\/basqueplanet.com\/eu\/wp-json\/wp\/v2\/media\/8408"}],"wp:attachment":[{"href":"https:\/\/basqueplanet.com\/eu\/wp-json\/wp\/v2\/media?parent=8404"}],"wp:term":[{"taxonomy":"product_brand","embeddable":true,"href":"https:\/\/basqueplanet.com\/eu\/wp-json\/wp\/v2\/product_brand?post=8404"},{"taxonomy":"product_cat","embeddable":true,"href":"https:\/\/basqueplanet.com\/eu\/wp-json\/wp\/v2\/product_cat?post=8404"},{"taxonomy":"product_tag","embeddable":true,"href":"https:\/\/basqueplanet.com\/eu\/wp-json\/wp\/v2\/product_tag?post=8404"}],"curies":[{"name":"wp","href":"https:\/\/api.w.org\/{rel}","templated":true}]}}