{"id":8105,"date":"2025-01-20T11:47:24","date_gmt":"2025-01-20T09:47:24","guid":{"rendered":"https:\/\/basqueplanet.com\/?post_type=product&#038;p=8105"},"modified":"2025-02-04T06:12:35","modified_gmt":"2025-02-04T04:12:35","slug":"neopreno-bp-cold-killer","status":"publish","type":"product","link":"https:\/\/basqueplanet.com\/eu\/produktua\/neopreno-bp-cold-killer\/","title":{"rendered":"Neopreno BP Cold Killer"},"content":{"rendered":"<p>Basque Planet ha sacado su primera gama de trajes de neopreno de 4\/3 mm fabricados en Francia por los desarrolladores de trajes de Wildsuits.<\/p>\n<p>Estos trajes representan la simbiosis perfecta entre la comodidad y elasticidad y la artiller\u00eda necesaria para combatir el fr\u00edo. Notar\u00e1s una remada f\u00e1cil y que no entorpece tus maniobras gracias a sus materiales el\u00e1sticos pero sin olvidarse de no pasar fr\u00edo al estar asilados t\u00e9rmicamente por ese forro t\u00e9rmico de pelillos, destaca por su capacidad para proporcionar una <strong>capa extra de calor<\/strong> en las zonas m\u00e1s cr\u00edticas, asegurando que te mantengas abrigado incluso en sesiones prolongadas.<\/p>\n<p>Todo esto a un precio jod\u00eddamente bueno en relaci\u00f3n a la calidad del traje!<\/p>","protected":false},"excerpt":{"rendered":"<p>Basque Planet ha sacado su primera gama de trajes de neopreno de 4\/3 mm fabricados en Francia por los desarrolladores de trajes de Wildsuits. Estos trajes representan la simbiosis perfecta entre la comodidad y elasticidad y la artiller\u00eda necesaria para combatir el fr\u00edo. Notar\u00e1s una remada f\u00e1cil y que no entorpece tus maniobras gracias a [&hellip;]<\/p>","protected":false},"featured_media":8411,"comment_status":"open","ping_status":"closed","template":"","meta":{"_seopress_robots_primary_cat":"none","_seopress_titles_title":"","_seopress_titles_desc":"","_seopress_robots_index":""},"product_brand":[],"product_cat":[66],"product_tag":[],"class_list":{"0":"post-8105","1":"product","2":"type-product","3":"status-publish","4":"has-post-thumbnail","6":"product_cat-neoprenos","7":"pa_talla-l","8":"pa_talla-m","9":"pa_talla-s","10":"pa_talla-xl","11":"pa_talla-ms","13":"first","14":"instock","15":"taxable","16":"shipping-taxable","17":"purchasable","18":"product-type-variable"},"_links":{"self":[{"href":"https:\/\/basqueplanet.com\/eu\/wp-json\/wp\/v2\/product\/8105","targetHints":{"allow":["GET"]}}],"collection":[{"href":"https:\/\/basqueplanet.com\/eu\/wp-json\/wp\/v2\/product"}],"about":[{"href":"https:\/\/basqueplanet.com\/eu\/wp-json\/wp\/v2\/types\/product"}],"replies":[{"embeddable":true,"href":"https:\/\/basqueplanet.com\/eu\/wp-json\/wp\/v2\/comments?post=8105"}],"wp:featuredmedia":[{"embeddable":true,"href":"https:\/\/basqueplanet.com\/eu\/wp-json\/wp\/v2\/media\/8411"}],"wp:attachment":[{"href":"https:\/\/basqueplanet.com\/eu\/wp-json\/wp\/v2\/media?parent=8105"}],"wp:term":[{"taxonomy":"product_brand","embeddable":true,"href":"https:\/\/basqueplanet.com\/eu\/wp-json\/wp\/v2\/product_brand?post=8105"},{"taxonomy":"product_cat","embeddable":true,"href":"https:\/\/basqueplanet.com\/eu\/wp-json\/wp\/v2\/product_cat?post=8105"},{"taxonomy":"product_tag","embeddable":true,"href":"https:\/\/basqueplanet.com\/eu\/wp-json\/wp\/v2\/product_tag?post=8105"}],"curies":[{"name":"wp","href":"https:\/\/api.w.org\/{rel}","templated":true}]}}