{"id":4961,"date":"2024-08-20T22:18:04","date_gmt":"2024-08-20T20:18:04","guid":{"rendered":"https:\/\/basqueplanet.com\/?post_type=product&#038;p=4961"},"modified":"2024-08-23T22:57:08","modified_gmt":"2024-08-23T20:57:08","slug":"tabla-atomika-reserva-y-te-contactamos-para-medidas-y-diseno","status":"publish","type":"product","link":"https:\/\/basqueplanet.com\/eu\/produktua\/tabla-atomika-reserva-y-te-contactamos-para-medidas-y-diseno\/","title":{"rendered":"Tabla Atomika: Reserva y te contactamos para medidas y dise\u00f1o"},"content":{"rendered":"<p>Tabla todoterreno. En sus tama\u00f1os m\u00e1s grandes es ideal para usarlo como evolutivo. En sus medidas m\u00e1s cortas es una tabla polivalente para sacarle todo el partido a cualquier tipo de condiciones, desde un cuarto de metro a las olas mas potentes. Doble concavo desde la mitad de la tabla hasta el tail.<br \/>\nTri fin, twin fin o 2+1. Round pin tail.<\/p>\n<figure class=\"wp-block-table\">\n<table>\n<tbody>\n<tr>\n<td class=\"has-text-align-center\" rowspan=\"2\" data-align=\"center\"><img loading=\"lazy\" decoding=\"async\" class=\"wp-image-89\" tabindex=\"0\" role=\"button\" src=\"https:\/\/amnesiasurfboards.wordpress.com\/wp-content\/uploads\/2024\/02\/atomika.jpg\" sizes=\"auto, (max-width: 1036px) 100vw, 1036px\" srcset=\"https:\/\/amnesiasurfboards.wordpress.com\/wp-content\/uploads\/2024\/02\/atomika.jpg 1036w, https:\/\/amnesiasurfboards.wordpress.com\/wp-content\/uploads\/2024\/02\/atomika.jpg?w=111&amp;h=150 111w, https:\/\/amnesiasurfboards.wordpress.com\/wp-content\/uploads\/2024\/02\/atomika.jpg?w=222&amp;h=300 222w, https:\/\/amnesiasurfboards.wordpress.com\/wp-content\/uploads\/2024\/02\/atomika.jpg?w=768&amp;h=1040 768w, https:\/\/amnesiasurfboards.wordpress.com\/wp-content\/uploads\/2024\/02\/atomika.jpg?w=756&amp;h=1024 756w\" alt=\"\" width=\"1036\" height=\"1403\" data-attachment-id=\"89\" data-permalink=\"https:\/\/amnesiasurfboards.wordpress.com\/catalogo\/atomika\/\" data-orig-file=\"https:\/\/amnesiasurfboards.wordpress.com\/wp-content\/uploads\/2024\/02\/atomika.jpg\" data-orig-size=\"1036,1403\" data-comments-opened=\"1\" data-image-meta=\"{&quot;aperture&quot;:&quot;0&quot;,&quot;credit&quot;:&quot;&quot;,&quot;camera&quot;:&quot;&quot;,&quot;caption&quot;:&quot;&quot;,&quot;created_timestamp&quot;:&quot;0&quot;,&quot;copyright&quot;:&quot;&quot;,&quot;focal_length&quot;:&quot;0&quot;,&quot;iso&quot;:&quot;0&quot;,&quot;shutter_speed&quot;:&quot;0&quot;,&quot;title&quot;:&quot;&quot;,&quot;orientation&quot;:&quot;0&quot;}\" data-image-title=\"Atomika\" data-image-description=\"\" data-image-caption=\"\" data-medium-file=\"https:\/\/amnesiasurfboards.wordpress.com\/wp-content\/uploads\/2024\/02\/atomika.jpg?w=222\" data-large-file=\"https:\/\/amnesiasurfboards.wordpress.com\/wp-content\/uploads\/2024\/02\/atomika.jpg?w=756\" \/><\/td>\n<td class=\"has-text-align-center\" data-align=\"center\">MEDIDAS RECOMENDADAS POR EL SHAPER*<\/td>\n<\/tr>\n<tr>\n<td class=\"has-text-align-center\" data-align=\"center\">5\u00b44<br \/>\n5\u00b46<br \/>\n5\u00b48 x 19 1\/2 x 2 1\/2 \u2013 29L<br \/>\n6\u00b40 x 20 3\/8 x 2 5\/8 \u2013 35L<br \/>\n6\u00b42 x 20 3\/4 x 2 5\/8 \u2013 36L<br \/>\n6`4 x 21 x 2 5\/8 \u2013 38L<br \/>\n6\u00b46 x 21 x 2 3\/4 \u2013 42,8L<br \/>\n6\u00b48 x 21 1\/4 x 27\/8 \u2013 43,5 L<br \/>\n6\u00b410 x 21 1\/2 x 2 3\/4 \u2013 44,5L<br \/>\n7\u00b40 x 22 x 3 \u2013 48L<\/td>\n<\/tr>\n<\/tbody>\n<\/table><figcaption class=\"wp-element-caption\">* Solicita informaci\u00f3n para medidas customizadas.<\/figcaption><\/figure>","protected":false},"excerpt":{"rendered":"<p>Tabla todoterreno. En sus tama\u00f1os m\u00e1s grandes es ideal para usarlo como evolutivo. En sus medidas m\u00e1s cortas es una tabla polivalente para sacarle todo el partido a cualquier tipo de condiciones, desde un cuarto de metro a las olas mas potentes. Doble concavo desde la mitad de la tabla hasta el tail. Tri fin, [&hellip;]<\/p>","protected":false},"featured_media":5011,"comment_status":"open","ping_status":"closed","template":"","meta":{"_seopress_robots_primary_cat":"none","_seopress_titles_title":"","_seopress_titles_desc":"","_seopress_robots_index":""},"product_brand":[],"product_cat":[41,38],"product_tag":[],"class_list":{"0":"post-4961","1":"product","2":"type-product","3":"status-publish","4":"has-post-thumbnail","6":"product_cat-amnesia-surfboards","7":"product_cat-surboards","9":"first","10":"instock","11":"taxable","12":"shipping-taxable","13":"purchasable","14":"product-type-simple"},"_links":{"self":[{"href":"https:\/\/basqueplanet.com\/eu\/wp-json\/wp\/v2\/product\/4961","targetHints":{"allow":["GET"]}}],"collection":[{"href":"https:\/\/basqueplanet.com\/eu\/wp-json\/wp\/v2\/product"}],"about":[{"href":"https:\/\/basqueplanet.com\/eu\/wp-json\/wp\/v2\/types\/product"}],"replies":[{"embeddable":true,"href":"https:\/\/basqueplanet.com\/eu\/wp-json\/wp\/v2\/comments?post=4961"}],"wp:featuredmedia":[{"embeddable":true,"href":"https:\/\/basqueplanet.com\/eu\/wp-json\/wp\/v2\/media\/5011"}],"wp:attachment":[{"href":"https:\/\/basqueplanet.com\/eu\/wp-json\/wp\/v2\/media?parent=4961"}],"wp:term":[{"taxonomy":"product_brand","embeddable":true,"href":"https:\/\/basqueplanet.com\/eu\/wp-json\/wp\/v2\/product_brand?post=4961"},{"taxonomy":"product_cat","embeddable":true,"href":"https:\/\/basqueplanet.com\/eu\/wp-json\/wp\/v2\/product_cat?post=4961"},{"taxonomy":"product_tag","embeddable":true,"href":"https:\/\/basqueplanet.com\/eu\/wp-json\/wp\/v2\/product_tag?post=4961"}],"curies":[{"name":"wp","href":"https:\/\/api.w.org\/{rel}","templated":true}]}}