{"id":4955,"date":"2024-08-20T22:09:55","date_gmt":"2024-08-20T20:09:55","guid":{"rendered":"https:\/\/basqueplanet.com\/?post_type=product&#038;p=4955"},"modified":"2024-08-23T22:58:12","modified_gmt":"2024-08-23T20:58:12","slug":"akribillator-reserva-y-te-contactamos-para-medidas-y-diseno","status":"publish","type":"product","link":"https:\/\/basqueplanet.com\/eu\/produktua\/akribillator-reserva-y-te-contactamos-para-medidas-y-diseno\/","title":{"rendered":"Akribillator: Reserva y te contactamos para medidas y dise\u00f1o"},"content":{"rendered":"<p>Tabla de alto rendimiento. Dise\u00f1ada para sacar el m\u00e1ximo partido a las olas de playa o point breaks. Con unos cantos afilados y un rocker muy pronunciado para radicalizar las maniobras.<br \/>\nTrifin con tail squash o round pin.<\/p>\n<figure class=\"wp-block-table\">\n<table>\n<tbody>\n<tr>\n<td class=\"has-text-align-center\" rowspan=\"2\" data-align=\"center\"><img loading=\"lazy\" decoding=\"async\" class=\"wp-image-215\" tabindex=\"0\" role=\"button\" src=\"https:\/\/amnesiasurfboards.wordpress.com\/wp-content\/uploads\/2024\/03\/akribillator.jpg\" sizes=\"auto, (max-width: 998px) 100vw, 998px\" srcset=\"https:\/\/amnesiasurfboards.wordpress.com\/wp-content\/uploads\/2024\/03\/akribillator.jpg 998w, https:\/\/amnesiasurfboards.wordpress.com\/wp-content\/uploads\/2024\/03\/akribillator.jpg?w=107&amp;h=150 107w, https:\/\/amnesiasurfboards.wordpress.com\/wp-content\/uploads\/2024\/03\/akribillator.jpg?w=214&amp;h=300 214w, https:\/\/amnesiasurfboards.wordpress.com\/wp-content\/uploads\/2024\/03\/akribillator.jpg?w=768&amp;h=1077 768w\" alt=\"\" width=\"998\" height=\"1399\" data-attachment-id=\"215\" data-permalink=\"https:\/\/amnesiasurfboards.wordpress.com\/catalogo\/akribillator-2\/\" data-orig-file=\"https:\/\/amnesiasurfboards.wordpress.com\/wp-content\/uploads\/2024\/03\/akribillator.jpg\" data-orig-size=\"998,1399\" data-comments-opened=\"1\" data-image-meta=\"{&quot;aperture&quot;:&quot;0&quot;,&quot;credit&quot;:&quot;&quot;,&quot;camera&quot;:&quot;&quot;,&quot;caption&quot;:&quot;&quot;,&quot;created_timestamp&quot;:&quot;0&quot;,&quot;copyright&quot;:&quot;&quot;,&quot;focal_length&quot;:&quot;0&quot;,&quot;iso&quot;:&quot;0&quot;,&quot;shutter_speed&quot;:&quot;0&quot;,&quot;title&quot;:&quot;&quot;,&quot;orientation&quot;:&quot;0&quot;}\" data-image-title=\"Akribillator\" data-image-description=\"\" data-image-caption=\"\" data-medium-file=\"https:\/\/amnesiasurfboards.wordpress.com\/wp-content\/uploads\/2024\/03\/akribillator.jpg?w=214\" data-large-file=\"https:\/\/amnesiasurfboards.wordpress.com\/wp-content\/uploads\/2024\/03\/akribillator.jpg?w=730\" \/><\/td>\n<td class=\"has-text-align-center\" data-align=\"center\">MEDIDAS RECOMENDADAS POR EL SHAPER*<\/td>\n<\/tr>\n<tr>\n<td class=\"has-text-align-center\" data-align=\"center\">5\u2032 8 x 18 1\/2 x 2 3\/16 \u2013 26L<br \/>\n5\u2032 10 x 18 5\/8 x 2 5\/16 -27,5L<br \/>\n6\u2032 0 x 19 1\/8 x 2 7\/16 \u2013 29L<br \/>\n6\u2032 2 x 19 1\/2 x 2 9\/16 \u2013 31,5L<br \/>\n6\u2032 4 x 20 1\/8 x 2 3\/4 \u2013 33L<br \/>\n6\u2032 6 x 20 1\/2 x 2 7\/8 \u2013 35L<\/td>\n<\/tr>\n<\/tbody>\n<\/table><figcaption class=\"wp-element-caption\">* Solicita informaci\u00f3n para medidas customizadas.<\/figcaption><\/figure>","protected":false},"excerpt":{"rendered":"<p>Tabla de alto rendimiento. Dise\u00f1ada para sacar el m\u00e1ximo partido a las olas de playa o point breaks. Con unos cantos afilados y un rocker muy pronunciado para radicalizar las maniobras. Trifin con tail squash o round pin. MEDIDAS RECOMENDADAS POR EL SHAPER* 5\u2032 8 x 18 1\/2 x 2 3\/16 \u2013 26L 5\u2032 10 [&hellip;]<\/p>","protected":false},"featured_media":5012,"comment_status":"open","ping_status":"closed","template":"","meta":{"_seopress_robots_primary_cat":"none","_seopress_titles_title":"","_seopress_titles_desc":"","_seopress_robots_index":""},"product_brand":[],"product_cat":[41,38],"product_tag":[],"class_list":{"0":"post-4955","1":"product","2":"type-product","3":"status-publish","4":"has-post-thumbnail","6":"product_cat-amnesia-surfboards","7":"product_cat-surboards","9":"first","10":"instock","11":"taxable","12":"shipping-taxable","13":"purchasable","14":"product-type-simple"},"_links":{"self":[{"href":"https:\/\/basqueplanet.com\/eu\/wp-json\/wp\/v2\/product\/4955","targetHints":{"allow":["GET"]}}],"collection":[{"href":"https:\/\/basqueplanet.com\/eu\/wp-json\/wp\/v2\/product"}],"about":[{"href":"https:\/\/basqueplanet.com\/eu\/wp-json\/wp\/v2\/types\/product"}],"replies":[{"embeddable":true,"href":"https:\/\/basqueplanet.com\/eu\/wp-json\/wp\/v2\/comments?post=4955"}],"wp:featuredmedia":[{"embeddable":true,"href":"https:\/\/basqueplanet.com\/eu\/wp-json\/wp\/v2\/media\/5012"}],"wp:attachment":[{"href":"https:\/\/basqueplanet.com\/eu\/wp-json\/wp\/v2\/media?parent=4955"}],"wp:term":[{"taxonomy":"product_brand","embeddable":true,"href":"https:\/\/basqueplanet.com\/eu\/wp-json\/wp\/v2\/product_brand?post=4955"},{"taxonomy":"product_cat","embeddable":true,"href":"https:\/\/basqueplanet.com\/eu\/wp-json\/wp\/v2\/product_cat?post=4955"},{"taxonomy":"product_tag","embeddable":true,"href":"https:\/\/basqueplanet.com\/eu\/wp-json\/wp\/v2\/product_tag?post=4955"}],"curies":[{"name":"wp","href":"https:\/\/api.w.org\/{rel}","templated":true}]}}