{"id":4875,"date":"2024-08-19T09:54:22","date_gmt":"2024-08-19T07:54:22","guid":{"rendered":"https:\/\/basqueplanet.com\/?post_type=product&#038;p=4875"},"modified":"2024-08-23T23:02:44","modified_gmt":"2024-08-23T21:02:44","slug":"tabla-up-eternal-66","status":"publish","type":"product","link":"https:\/\/basqueplanet.com\/eu\/produktua\/tabla-up-eternal-66\/","title":{"rendered":"Tabla UP Eternal 6&#8217;6"},"content":{"rendered":"<p>\u2013 LARGO : 6\u00b46 (198 cm)<br \/>\n\u2013 ANCHO: 22 1\/4\u2033<br \/>\n\u2013 GRUESO: 2 11\/16\u2033<br \/>\n\u2013 VOLUMEN: 44 Litros<\/p>\n<p>Esta novedosa fabricaci\u00f3n de tablas comienza con un blank con un preshape medido exactamente sobre un EPS.<br \/>\nLa densidad del EPS es la clave de poder obtener la forma ideal, peso adecuado y estructura perfecta.<br \/>\nEl blank se recubre manualmente con tela de fibra de vidrio biaxial, utilizando una cantidad ep\u00f3xica mezclada y medida por computadora. Para curar la resina, se utiliza un segundo de molde prensado, cortado con precisi\u00f3n CNC, que se calienta para asegurar una distribuci\u00f3n \u00f3ptima de resina.<\/p>","protected":false},"excerpt":{"rendered":"<blockquote><p>&nbsp;<\/p><\/blockquote>","protected":false},"featured_media":5016,"comment_status":"open","ping_status":"closed","template":"","meta":{"_seopress_robots_primary_cat":"none","_seopress_titles_title":"","_seopress_titles_desc":"","_seopress_robots_index":""},"product_brand":[],"product_cat":[38,40],"product_tag":[],"class_list":{"0":"post-4875","1":"product","2":"type-product","3":"status-publish","4":"has-post-thumbnail","6":"product_cat-surboards","7":"product_cat-up-surfboards","9":"first","10":"instock","11":"taxable","12":"shipping-taxable","13":"purchasable","14":"product-type-simple"},"_links":{"self":[{"href":"https:\/\/basqueplanet.com\/eu\/wp-json\/wp\/v2\/product\/4875","targetHints":{"allow":["GET"]}}],"collection":[{"href":"https:\/\/basqueplanet.com\/eu\/wp-json\/wp\/v2\/product"}],"about":[{"href":"https:\/\/basqueplanet.com\/eu\/wp-json\/wp\/v2\/types\/product"}],"replies":[{"embeddable":true,"href":"https:\/\/basqueplanet.com\/eu\/wp-json\/wp\/v2\/comments?post=4875"}],"wp:featuredmedia":[{"embeddable":true,"href":"https:\/\/basqueplanet.com\/eu\/wp-json\/wp\/v2\/media\/5016"}],"wp:attachment":[{"href":"https:\/\/basqueplanet.com\/eu\/wp-json\/wp\/v2\/media?parent=4875"}],"wp:term":[{"taxonomy":"product_brand","embeddable":true,"href":"https:\/\/basqueplanet.com\/eu\/wp-json\/wp\/v2\/product_brand?post=4875"},{"taxonomy":"product_cat","embeddable":true,"href":"https:\/\/basqueplanet.com\/eu\/wp-json\/wp\/v2\/product_cat?post=4875"},{"taxonomy":"product_tag","embeddable":true,"href":"https:\/\/basqueplanet.com\/eu\/wp-json\/wp\/v2\/product_tag?post=4875"}],"curies":[{"name":"wp","href":"https:\/\/api.w.org\/{rel}","templated":true}]}}