{"id":4867,"date":"2024-08-19T09:48:22","date_gmt":"2024-08-19T07:48:22","guid":{"rendered":"https:\/\/basqueplanet.com\/?post_type=product&#038;p=4867"},"modified":"2024-08-23T23:03:57","modified_gmt":"2024-08-23T21:03:57","slug":"tabla-up-eternal-80-2","status":"publish","type":"product","link":"https:\/\/basqueplanet.com\/eu\/produktua\/tabla-up-eternal-80-2\/","title":{"rendered":"Tabla UP Eternal 8&#8217;0"},"content":{"rendered":"<ol>\n<li>P\u2013 LARGO : 8\u00b40<br \/>\n\u2013 ANCHO: 22 3\/4\u2033<br \/>\n\u2013 GRUESO: 2 15\/16\u2033<br \/>\n\u2013 VOLUMEN: 66 Litros<\/li>\n<\/ol>\n<p>Esta novedosa fabricaci\u00f3n de tablas comienza con un blank con un preshape medido exactamente sobre un EPS.<br \/>\nLa densidad del EPS es la clave de poder obtener la forma ideal, peso adecuado y estructura perfecta.<br \/>\nEl blank se recubre manualmente con tela de fibra de vidrio biaxial, utilizando una cantidad ep\u00f3xica mezclada y medida por computadora. Para curar la resina, se utiliza un segundo de molde prensado, cortado con precisi\u00f3n CNC, que se calienta para asegurar una distribuci\u00f3n \u00f3ptima de resina.<\/p>","protected":false},"excerpt":{"rendered":"<p>P\u2013 LARGO : 8\u00b40 \u2013 ANCHO: 22 3\/4\u2033 \u2013 GRUESO: 2 15\/16\u2033 \u2013 VOLUMEN: 66 Litros Esta novedosa fabricaci\u00f3n de tablas comienza con un blank con un preshape medido exactamente sobre un EPS. La densidad del EPS es la clave de poder obtener la forma ideal, peso adecuado y estructura perfecta. El blank se recubre [&hellip;]<\/p>","protected":false},"featured_media":5017,"comment_status":"open","ping_status":"closed","template":"","meta":{"_seopress_robots_primary_cat":"none","_seopress_titles_title":"","_seopress_titles_desc":"","_seopress_robots_index":""},"product_brand":[],"product_cat":[38,40],"product_tag":[],"class_list":{"0":"post-4867","1":"product","2":"type-product","3":"status-publish","4":"has-post-thumbnail","6":"product_cat-surboards","7":"product_cat-up-surfboards","9":"first","10":"instock","11":"taxable","12":"shipping-taxable","13":"purchasable","14":"product-type-simple"},"_links":{"self":[{"href":"https:\/\/basqueplanet.com\/eu\/wp-json\/wp\/v2\/product\/4867","targetHints":{"allow":["GET"]}}],"collection":[{"href":"https:\/\/basqueplanet.com\/eu\/wp-json\/wp\/v2\/product"}],"about":[{"href":"https:\/\/basqueplanet.com\/eu\/wp-json\/wp\/v2\/types\/product"}],"replies":[{"embeddable":true,"href":"https:\/\/basqueplanet.com\/eu\/wp-json\/wp\/v2\/comments?post=4867"}],"wp:featuredmedia":[{"embeddable":true,"href":"https:\/\/basqueplanet.com\/eu\/wp-json\/wp\/v2\/media\/5017"}],"wp:attachment":[{"href":"https:\/\/basqueplanet.com\/eu\/wp-json\/wp\/v2\/media?parent=4867"}],"wp:term":[{"taxonomy":"product_brand","embeddable":true,"href":"https:\/\/basqueplanet.com\/eu\/wp-json\/wp\/v2\/product_brand?post=4867"},{"taxonomy":"product_cat","embeddable":true,"href":"https:\/\/basqueplanet.com\/eu\/wp-json\/wp\/v2\/product_cat?post=4867"},{"taxonomy":"product_tag","embeddable":true,"href":"https:\/\/basqueplanet.com\/eu\/wp-json\/wp\/v2\/product_tag?post=4867"}],"curies":[{"name":"wp","href":"https:\/\/api.w.org\/{rel}","templated":true}]}}