{"id":3,"date":"2023-05-18T15:58:25","date_gmt":"2023-05-18T13:58:25","guid":{"rendered":"https:\/\/basqueplanet.com\/?page_id=3"},"modified":"2023-10-05T14:04:48","modified_gmt":"2023-10-05T12:04:48","slug":"politica-privacidad","status":"publish","type":"page","link":"https:\/\/basqueplanet.com\/eu\/politica-privacidad\/","title":{"rendered":"Pol\u00edtica de privacidad"},"content":{"rendered":"<h2 class=\"wp-block-heading\">1. Introducci\u00f3n<\/h2>\n\n\n\n<p>Gonzalo Astorki (en adelante, la &#8220;Empresa&#8221;) respeta tu privacidad y se compromete a proteger tus datos personales. Esta Pol\u00edtica de Privacidad te informar\u00e1 sobre c\u00f3mo gestionamos tus datos personales cuando visitas nuestro sitio web (independientemente de d\u00f3nde lo visites) y nos informar\u00e1 sobre tus derechos de privacidad y c\u00f3mo la ley te protege.<\/p>\n\n\n\n<h2 class=\"wp-block-heading\">2. Informaci\u00f3n que recolectamos<\/h2>\n\n\n\n<p>La Empresa puede recopilar, usar, almacenar y transferir diferentes tipos de datos personales sobre ti que hemos agrupado de la siguiente manera:<\/p>\n\n\n\n<ul class=\"wp-block-list\">\n<li>Informaci\u00f3n de identidad, que incluye nombre, apellido, nombre de usuario o identificador similar.<\/li>\n\n\n\n<li>Informaci\u00f3n de contacto, que incluye direcci\u00f3n de correo electr\u00f3nico y n\u00fameros de tel\u00e9fono.<\/li>\n\n\n\n<li>Informaci\u00f3n t\u00e9cnica, que incluye la direcci\u00f3n IP, tus datos de inicio de sesi\u00f3n, el tipo y la versi\u00f3n del navegador, la configuraci\u00f3n de la zona horaria y la ubicaci\u00f3n, los tipos y versiones de los plug-ins de tu navegador, el sistema operativo y la plataforma, y otras tecnolog\u00edas en los dispositivos que usas para acceder a este sitio web.<\/li>\n\n\n\n<li>Informaci\u00f3n de uso, que incluye informaci\u00f3n sobre c\u00f3mo usas nuestro sitio web, productos y servicios.<\/li>\n<\/ul>\n\n\n\n<h2 class=\"wp-block-heading\">3. C\u00f3mo utilizamos tu informaci\u00f3n<\/h2>\n\n\n\n<p>Utilizamos la informaci\u00f3n que recopilamos para una serie de prop\u00f3sitos, incluyendo:<\/p>\n\n\n\n<ul class=\"wp-block-list\">\n<li>Proporcionarte los productos y servicios que has solicitado.<\/li>\n\n\n\n<li>Mejorar nuestros productos y servicios.<\/li>\n\n\n\n<li>Enviarte comunicaciones de marketing.<\/li>\n<\/ul>\n\n\n\n<h2 class=\"wp-block-heading\">4. Tus derechos<\/h2>\n\n\n\n<p>Tienes varios derechos en relaci\u00f3n con tus datos personales. Estos incluyen el derecho a solicitar acceso a tus datos, correcci\u00f3n de tus datos, eliminaci\u00f3n de tus datos, y restricci\u00f3n o objeci\u00f3n al procesamiento de tus datos.<\/p>\n\n\n\n<h2 class=\"wp-block-heading\">5. Enlaces a sitios de terceros<\/h2>\n\n\n\n<p>Este sitio web puede incluir enlaces a sitios web de terceros, plug-ins y aplicaciones. Hacer clic en esos enlaces o habilitar esas conexiones puede permitir a terceros recopilar o compartir datos sobre ti. No controlamos estos sitios web de terceros y no somos responsables de sus declaraciones de privacidad.<\/p>\n\n\n\n<h2 class=\"wp-block-heading\">6. Cambios en la Pol\u00edtica de Privacidad<\/h2>\n\n\n\n<p>La Empresa se reserva el derecho de actualizar y cambiar esta Pol\u00edtica de Privacidad de vez en cuando. Los cambios entrar\u00e1n en vigor inmediatamente despu\u00e9s de su publicaci\u00f3n en el sitio web.<\/p>\n\n\n\n<h2 class=\"wp-block-heading\">7. C\u00f3mo contactarnos<\/h2>\n\n\n\n<p>Si tienes alguna pregunta o duda sobre esta Pol\u00edtica de Privacidad, o si deseas ejercer alguno de tus derechos legales en relaci\u00f3n con tus datos personales, por favor contacta con nosotros a trav\u00e9s de <a href=\"mailto:planetbasque@gmail.com\">planetbasque@gmail.com<\/a>\u00a0y el tel\u00e9fono 628 72 26 91.<\/p>","protected":false},"excerpt":{"rendered":"<p>1. Introducci\u00f3n Gonzalo Astorki (en adelante, la &#8220;Empresa&#8221;) respeta tu privacidad y se compromete a proteger tus datos personales. Esta Pol\u00edtica de Privacidad te informar\u00e1 sobre c\u00f3mo gestionamos tus datos personales cuando visitas nuestro sitio web (independientemente de d\u00f3nde lo visites) y nos informar\u00e1 sobre tus derechos de privacidad y c\u00f3mo la ley te protege. [&hellip;]<\/p>","protected":false},"author":1,"featured_media":0,"parent":0,"menu_order":0,"comment_status":"closed","ping_status":"closed","template":"","meta":{"_seopress_robots_primary_cat":"","_seopress_titles_title":"","_seopress_titles_desc":"","_seopress_robots_index":"","footnotes":""},"class_list":["post-3","page","type-page","status-publish","hentry"],"_links":{"self":[{"href":"https:\/\/basqueplanet.com\/eu\/wp-json\/wp\/v2\/pages\/3","targetHints":{"allow":["GET"]}}],"collection":[{"href":"https:\/\/basqueplanet.com\/eu\/wp-json\/wp\/v2\/pages"}],"about":[{"href":"https:\/\/basqueplanet.com\/eu\/wp-json\/wp\/v2\/types\/page"}],"author":[{"embeddable":true,"href":"https:\/\/basqueplanet.com\/eu\/wp-json\/wp\/v2\/users\/1"}],"replies":[{"embeddable":true,"href":"https:\/\/basqueplanet.com\/eu\/wp-json\/wp\/v2\/comments?post=3"}],"version-history":[{"count":0,"href":"https:\/\/basqueplanet.com\/eu\/wp-json\/wp\/v2\/pages\/3\/revisions"}],"wp:attachment":[{"href":"https:\/\/basqueplanet.com\/eu\/wp-json\/wp\/v2\/media?parent=3"}],"curies":[{"name":"wp","href":"https:\/\/api.w.org\/{rel}","templated":true}]}}