{"id":18,"date":"2023-05-18T18:08:52","date_gmt":"2023-05-18T16:08:52","guid":{"rendered":"https:\/\/basqueplanet.com\/?page_id=18"},"modified":"2023-10-05T14:04:02","modified_gmt":"2023-10-05T12:04:02","slug":"aviso-legal","status":"publish","type":"page","link":"https:\/\/basqueplanet.com\/eu\/aviso-legal\/","title":{"rendered":"Aviso Legal"},"content":{"rendered":"<h3 class=\"wp-block-heading\"><strong>Informaci\u00f3n del Titular<\/strong><\/h3>\n\n\n\n<p>Basqueplanet es propiedad de Gonzalo Astorqui con DNI 16085393K y se contacta a trav\u00e9s de&nbsp;<a href=\"mailto:planetbasque@gmail.com\">planetbasque@gmail.com<\/a>&nbsp;y el tel\u00e9fono 628 72 26 91.<\/p>\n\n\n\n<h3 class=\"wp-block-heading\"><strong>Condiciones de uso<\/strong><\/h3>\n\n\n\n<p>Gonzalo Astorqui, responsable del sitio web, pone a disposici\u00f3n de los usuarios el presente documento con el que pretende dar cumplimiento a las obligaciones dispuestas en la Ley 34\/2002, de Servicios de la Sociedad de la Informaci\u00f3n y del Comercio Electr\u00f3nico (LSSI-CE), as\u00ed como informar a todos los usuarios del sitio web respecto a cu\u00e1les son las condiciones de uso del sitio web.<\/p>\n\n\n\n<p>Toda persona que acceda a este sitio web asume el papel de usuario, comprometi\u00e9ndose a la observancia y cumplimiento riguroso de las disposiciones aqu\u00ed incluidas, as\u00ed como a cualquier otra disposici\u00f3n legal que fuera de aplicaci\u00f3n.<\/p>\n\n\n\n<p>El usuario se compromete a hacer un uso adecuado de los contenidos y servicios que se ofrecen en el sitio web, y con car\u00e1cter informativo pero no limitativo, a no emplearlos para: i)Incurrir en actividades il\u00edcitas, ilegales o contrarias al orden p\u00fablico, ii) difundir contenidos de car\u00e1cter racista, xen\u00f3fobo, pornogr\u00e1fico, de apolog\u00eda del terrorismo o atentatorio contra los derechos humanos, iii) provocar da\u00f1os f\u00edsicos o l\u00f3gicos en el sitio web, el de sus proveedores, o de terceras personas, iv)intentar acceder y en su caso, manipular, a cuentas de correo o zonas de administraci\u00f3n sin autorizaci\u00f3n expresa.<\/p>\n\n\n\n<p>Queda expresamente prohibida la reproducci\u00f3n, distribuci\u00f3n y comunicaci\u00f3n p\u00fablica, de forma total o parcial, de los contenidos de este sitio web, sin autorizaci\u00f3n expresa del titular.<\/p>\n\n\n\n<p>El titular se reserva el derecho a modificar cualquier tipo de informaci\u00f3n que pudiera aparecer en el sitio web, sin que exista obligaci\u00f3n de preavisar o poner en conocimiento de los usuarios dichas obligaciones, entendi\u00e9ndose como suficiente con la publicaci\u00f3n en el sitio web del titular.<\/p>\n\n\n\n<p>Las condiciones de uso del sitio, as\u00ed como lo contenido en el aviso legal, se rigen conforme a la legislaci\u00f3n espa\u00f1ola. El usuario se somete a la resoluci\u00f3n de cualquier litigio ante los Juzgados y Tribunales de Espa\u00f1a.<\/p>\n\n\n\n<h3 class=\"wp-block-heading\"><strong>Protecci\u00f3n de datos<\/strong><\/h3>\n\n\n\n<p>Basque Planet cumple con las directrices de la Ley Org\u00e1nica 15\/1999, de 13 de Diciembre, de Protecci\u00f3n de Datos de Car\u00e1cter Personal. La cumplimentaci\u00f3n y env\u00edo de los formularios incluidos en el sitio web implica el consentimiento expreso al titular para realizar env\u00edos a trav\u00e9s de correo electr\u00f3nico o cualquier otro medio proporcionado a trav\u00e9s de los formularios.<\/p>\n\n\n\n<p>Los datos de car\u00e1cter personal recabados a trav\u00e9s del sitio web ser\u00e1n incorporados a un fichero inscrito en el Registro General de la Agencia Espa\u00f1ola de Protecci\u00f3n de datos, siendo Basque Planet el responsable del tratamiento.<\/p>\n\n\n\n<p>El usuario podr\u00e1 ejercer sus derechos de acceso, rectificaci\u00f3n y cancelaci\u00f3n a trav\u00e9s de correo electr\u00f3nico en la direcci\u00f3n&nbsp;<a href=\"mailto:planetbasque@gmail.com\">planetbasque@gmail.com<\/a>.<\/p>\n\n\n\n<h3 class=\"wp-block-heading\"><strong>Limitaciones de Responsabilidad<\/strong><\/h3>\n\n\n\n<p>El titular no se hace responsable del contenido de los sitios correspondientes a los enlaces externos incluidos en el sitio web.<\/p>\n\n\n\n<p>El titular no se hace responsable ante la posible ca\u00edda del servidor, virus, o cualquier tipo de malfuncionamiento del sitio por causas ajenas al titular.<\/p>\n\n\n\n<p>El titular no se hace responsable del uso fraudulento que puedan hacer terceras personas de los contenidos o elementos tecnol\u00f3gicos dispuestos en el sitio web.<\/p>\n\n\n\n<h3 class=\"wp-block-heading\"><strong>Propiedad Intelectual e Industrial<\/strong><\/h3>\n\n\n\n<p>La totalidad de este sitio web: texto, im\u00e1genes, marcas, logotipos, archivos de audio y video, botones, archivos de software, combinaciones de colores, as\u00ed como la estructura, selecci\u00f3n, ordenaci\u00f3n y presentaci\u00f3n de sus contenidos, se encuentra protegida por las leyes sobre propiedad Intelectual e Industrial, quedando prohibida su reproducci\u00f3n, distribuci\u00f3n, comunicaci\u00f3n p\u00fablica y transformaci\u00f3n, salvo para uso personal y privado.<\/p>\n\n\n\n<h3 class=\"wp-block-heading\">Protecci\u00f3n de Datos y Pol\u00edtica de privacidad.<\/h3>\n\n\n\n<p>De acuerdo con lo establecido en la legislaci\u00f3n vigente en materia de protecci\u00f3n de datos de car\u00e1cter personal, \u00abBasque Planet\u00bb informa al usuario de la existencia de un fichero de datos de car\u00e1cter personal que contiene los datos que los usuarios introducen en el sitio. \u00abBasque Planet\u00bb es responsable del fichero.<\/p>\n\n\n\n<p>El usuario y titular de los datos queda informado, y presta su consentimiento inequ\u00edvoco, de que mediante la cumplimentaci\u00f3n de los diversos formularios sus datos personales quedar\u00e1n incorporados a los ficheros automatizados de \u00abBasque Planet\u00bb, con el fin de poderle prestar y ofrecer nuestros servicios as\u00ed como mantener informado al usuario sobre los productos ofertados.<\/p>\n\n\n\n<p>\u00abBasque Planet\u00bb se compromete al cumplimiento de su obligaci\u00f3n de secreto con respecto a los datos de car\u00e1cter personal y al deber de tratarlos con confidencialidad. A estos efectos adoptar\u00e1 las medidas de seguridad razonables previstas por la ley para evitar su alteraci\u00f3n, p\u00e9rdida o acceso no autorizado.<\/p>\n\n\n\n<p>El usuario podr\u00e1 ejercer sus derechos de acceso, rectificaci\u00f3n, cancelaci\u00f3n y oposici\u00f3n de sus datos de car\u00e1cter personal en los t\u00e9rminos establecidos en la legislaci\u00f3n vigente, a trav\u00e9s de \u00ab<a href=\"mailto:planetbasque@gmail.com\">planetbasque@gmail.com<\/a>\u00ab.<\/p>\n\n\n\n<h3 class=\"wp-block-heading\">Pol\u00edtica del uso de Cookies.<\/h3>\n\n\n\n<p>Los \u00abCookies\u00bb son ficheros de texto que los servidores que alojan sitios web env\u00edan a los navegadores de sus usuarios. Los cookies no se pueden ejecutar ni pueden contener virus, y s\u00f3lo pueden leerse por el servidor que aloja el sitio web.<\/p>\n\n\n\n<p>Este sitio requiere el empleo de \u00abCookies\u00bb para su correcto funcionamiento.<\/p>\n\n\n\n<h3 class=\"wp-block-heading\"><strong>Plazos de entrega de los servicios<\/strong><\/h3>\n\n\n\n<p>Los plazos de entrega var\u00edan seg\u00fan el tipo de env\u00edo:<\/p>\n\n\n\n<p>Entre 1 y 3 d\u00edas laborables para env\u00edos est\u00e1ndar.&nbsp;<\/p>\n\n\n\n<p>Para env\u00edos al extranjero variar\u00e1 seg\u00fan la empresa de mensajer\u00eda elegida y el pa\u00eds.<\/p>\n\n\n\n<p><strong>Importante<\/strong>: El plazo de entrega de los pedidos realizados m\u00e1s tarde de las 13:00 h. empezar\u00e1 a contar a partir del siguiente d\u00eda laborable.<\/p>\n\n\n\n<p>Si tienes alguna pregunta o necesitas m\u00e1s informaci\u00f3n sobre nuestro aviso legal, no dudes en contactarnos a trav\u00e9s de&nbsp;<a href=\"mailto:planetbasque@gmail.com\">planetbasque@gmail.com<\/a>&nbsp;o al tel\u00e9fono 628 72 26 91<\/p>","protected":false},"excerpt":{"rendered":"<p>Informaci\u00f3n del Titular Basqueplanet es propiedad de Gonzalo Astorqui con DNI 16085393K y se contacta a trav\u00e9s de&nbsp;planetbasque@gmail.com&nbsp;y el tel\u00e9fono 628 72 26 91. Condiciones de uso Gonzalo Astorqui, responsable del sitio web, pone a disposici\u00f3n de los usuarios el presente documento con el que pretende dar cumplimiento a las obligaciones dispuestas en la Ley [&hellip;]<\/p>","protected":false},"author":1,"featured_media":0,"parent":0,"menu_order":0,"comment_status":"closed","ping_status":"closed","template":"","meta":{"_seopress_robots_primary_cat":"","_seopress_titles_title":"","_seopress_titles_desc":"","_seopress_robots_index":"","footnotes":""},"class_list":["post-18","page","type-page","status-publish","hentry"],"_links":{"self":[{"href":"https:\/\/basqueplanet.com\/eu\/wp-json\/wp\/v2\/pages\/18","targetHints":{"allow":["GET"]}}],"collection":[{"href":"https:\/\/basqueplanet.com\/eu\/wp-json\/wp\/v2\/pages"}],"about":[{"href":"https:\/\/basqueplanet.com\/eu\/wp-json\/wp\/v2\/types\/page"}],"author":[{"embeddable":true,"href":"https:\/\/basqueplanet.com\/eu\/wp-json\/wp\/v2\/users\/1"}],"replies":[{"embeddable":true,"href":"https:\/\/basqueplanet.com\/eu\/wp-json\/wp\/v2\/comments?post=18"}],"version-history":[{"count":0,"href":"https:\/\/basqueplanet.com\/eu\/wp-json\/wp\/v2\/pages\/18\/revisions"}],"wp:attachment":[{"href":"https:\/\/basqueplanet.com\/eu\/wp-json\/wp\/v2\/media?parent=18"}],"curies":[{"name":"wp","href":"https:\/\/api.w.org\/{rel}","templated":true}]}}