{"id":3,"date":"2023-05-18T15:58:25","date_gmt":"2023-05-18T13:58:25","guid":{"rendered":"https:\/\/basqueplanet.com\/?page_id=3"},"modified":"2023-10-05T14:04:48","modified_gmt":"2023-10-05T12:04:48","slug":"politica-privacidad","status":"publish","type":"page","link":"https:\/\/basqueplanet.com\/en\/privacy-policy\/","title":{"rendered":"Privacy policy"},"content":{"rendered":"<h2 class=\"wp-block-heading\">1. Introduction<\/h2>\n\n\n\n<p>Gonzalo Astorki (en adelante, la &#8220;Empresa&#8221;) respeta tu privacidad y se compromete a proteger tus datos personales. Esta Pol\u00edtica de Privacidad te informar\u00e1 sobre c\u00f3mo gestionamos tus datos personales cuando visitas nuestro sitio web (independientemente de d\u00f3nde lo visites) y nos informar\u00e1 sobre tus derechos de privacidad y c\u00f3mo la ley te protege.<\/p>\n\n\n\n<h2 class=\"wp-block-heading\">2. Information we collect<\/h2>\n\n\n\n<p>The Company may collect, use, store and transfer different types of personal data about you which we have grouped as follows:<\/p>\n\n\n\n<ul class=\"wp-block-list\">\n<li>Identity information, including first name, last name, username or similar identifier.<\/li>\n\n\n\n<li>Contact information, including e-mail address and telephone numbers.<\/li>\n\n\n\n<li>Technical information, including IP address, your login details, browser type and version, time zone and location settings, browser plug-in types and versions, operating system and platform, and other technologies on the devices you use to access this website.<\/li>\n\n\n\n<li>Usage information, which includes information about how you use our website, products and services.<\/li>\n<\/ul>\n\n\n\n<h2 class=\"wp-block-heading\">3. How we use your information<\/h2>\n\n\n\n<p>We use the information we collect for a number of purposes, including:<\/p>\n\n\n\n<ul class=\"wp-block-list\">\n<li>To provide you with the products and services you have requested.<\/li>\n\n\n\n<li>Improve our products and services.<\/li>\n\n\n\n<li>Send you marketing communications.<\/li>\n<\/ul>\n\n\n\n<h2 class=\"wp-block-heading\">4. Your rights<\/h2>\n\n\n\n<p>You have various rights in relation to your personal data. These include the right to request access to your data, correction of your data, deletion of your data, and restriction or objection to the processing of your data.<\/p>\n\n\n\n<h2 class=\"wp-block-heading\">5. Links to third party sites<\/h2>\n\n\n\n<p>This website may include links to third party websites, plug-ins and applications. Clicking on those links or enabling those connections may allow third parties to collect or share data about you. We do not control these third party websites and are not responsible for their privacy statements.<\/p>\n\n\n\n<h2 class=\"wp-block-heading\">6. Changes to the Privacy Policy<\/h2>\n\n\n\n<p>The Company reserves the right to update and change this Privacy Policy from time to time. Changes will be effective immediately upon posting on the Website.<\/p>\n\n\n\n<h2 class=\"wp-block-heading\">7. How to contact us<\/h2>\n\n\n\n<p>If you have any questions or concerns about this Privacy Policy, or if you wish to exercise any of your legal rights in relation to your personal data, please contact us at <a href=\"mailto:planetbasque@gmail.com\">planetbasque@gmail.com<\/a>\u00a0and telephone 628 72 26 91.<\/p>","protected":false},"excerpt":{"rendered":"<p>1. Introducci\u00f3n Gonzalo Astorki (en adelante, la &#8220;Empresa&#8221;) respeta tu privacidad y se compromete a proteger tus datos personales. Esta Pol\u00edtica de Privacidad te informar\u00e1 sobre c\u00f3mo gestionamos tus datos personales cuando visitas nuestro sitio web (independientemente de d\u00f3nde lo visites) y nos informar\u00e1 sobre tus derechos de privacidad y c\u00f3mo la ley te protege. [&hellip;]<\/p>","protected":false},"author":1,"featured_media":0,"parent":0,"menu_order":0,"comment_status":"closed","ping_status":"closed","template":"","meta":{"_seopress_robots_primary_cat":"","_seopress_titles_title":"","_seopress_titles_desc":"","_seopress_robots_index":"","footnotes":""},"class_list":["post-3","page","type-page","status-publish","hentry"],"_links":{"self":[{"href":"https:\/\/basqueplanet.com\/en\/wp-json\/wp\/v2\/pages\/3","targetHints":{"allow":["GET"]}}],"collection":[{"href":"https:\/\/basqueplanet.com\/en\/wp-json\/wp\/v2\/pages"}],"about":[{"href":"https:\/\/basqueplanet.com\/en\/wp-json\/wp\/v2\/types\/page"}],"author":[{"embeddable":true,"href":"https:\/\/basqueplanet.com\/en\/wp-json\/wp\/v2\/users\/1"}],"replies":[{"embeddable":true,"href":"https:\/\/basqueplanet.com\/en\/wp-json\/wp\/v2\/comments?post=3"}],"version-history":[{"count":0,"href":"https:\/\/basqueplanet.com\/en\/wp-json\/wp\/v2\/pages\/3\/revisions"}],"wp:attachment":[{"href":"https:\/\/basqueplanet.com\/en\/wp-json\/wp\/v2\/media?parent=3"}],"curies":[{"name":"wp","href":"https:\/\/api.w.org\/{rel}","templated":true}]}}